{"id":5642,"date":"2020-05-25T10:06:36","date_gmt":"2020-05-25T14:06:36","guid":{"rendered":"https:\/\/giamazon.org\/intercambio-de-conocimiento\/interactive-discussion\/"},"modified":"2020-11-01T14:38:35","modified_gmt":"2020-11-01T19:38:35","slug":"interactive-discussion","status":"publish","type":"page","link":"https:\/\/giamazon.org\/es\/intercambio-de-conocimiento\/interactive-discussion\/","title":{"rendered":"Interactive Discussion"},"content":{"rendered":"<div class=\"wpb-content-wrapper\">[vc_section][vc_row][vc_column][vc_custom_heading text=\u00bbWelcome to our Interactive Discussion\u00bb use_theme_fonts=\u00bbyes\u00bb][vc_separator color=\u00bbcustom\u00bb align=\u00bbalign_left\u00bb border_width=\u00bb2&#8243; el_width=\u00bb10&#8243; accent_color=\u00bb#647f35&#8243;][vc_column_text]We welcome your feedback on any GIA products, analyses, webinars, news, and events. Please locate the item on the Knowledge Exchange or Products tab and leave your comment at the bottom of that webpage. Your comments and discussion are important to validate, correct, and amplify GIA&#8217;s preliminary findings and advance our shared goals. Thank you in advance for your contribution.<\/p>\n<p>This current webpage serves as a feed to view all comments made on the GIA website.[\/vc_column_text][vc_custom_heading text=\u00bbEspa\u00f1ol\u00bb font_container=\u00bbtag:h5|text_align:left\u00bb use_theme_fonts=\u00bbyes\u00bb][vc_column_text]Agradecemos sus comentarios sobre los productos, an\u00e1lisis, seminarios web, noticias y eventos de GIA. Busque la categor\u00eda en la pesta\u00f1a de Intercambio de Conocimientos o en Productos y deje su comentario en la parte inferior de esa p\u00e1gina web. Sus comentarios y discusiones son importantes para validar, corregir y ampliar los hallazgos preliminares de GIA y promover nuestros objetivos compartidos. Gracias de antemano por su contribuci\u00f3n.<\/p>\n<p>Esta secci\u00f3n de la p\u00e1gina web sirve como fuente para ver todos los comentarios realizados en el sitio web de GIA.[\/vc_column_text][vc_custom_heading text=\u00bbPortugu\u00eas\u00bb font_container=\u00bbtag:h5|text_align:left\u00bb use_theme_fonts=\u00bbyes\u00bb][vc_column_text]Agradecemos seus coment\u00e1rios sobre quaisquer produtos, an\u00e1lises, webinars, not\u00edcias e eventos da GIA. Localize o item na guia Troca de Conhecimento ou Produtos e deixe seu coment\u00e1rio na parte inferior da p\u00e1gina da web. Seus coment\u00e1rios e discuss\u00f5es s\u00e3o importantes para validar, corrigir e ampliar as descobertas preliminares do GIA e promover nossos objetivos comuns. Agradecemos antecipadamente pela sua contribui\u00e7\u00e3o.<\/p>\n<p>Esta p\u00e1gina atual serve como um feed para visualizar todos os coment\u00e1rios feitos no site do GIA.[\/vc_column_text][vc_custom_heading text=\u00bbYou can select from the comments below to add to the discussion:\u00bb font_container=\u00bbtag:h5|text_align:left\u00bb use_theme_fonts=\u00bbyes\u00bb][\/vc_column][\/vc_row][\/vc_section][vc_row][vc_column][vc_column_text]<div class=\"show-all-comments\"><form method=\"post\" class=\"sac-form\" action=\"https:\/\/giamazon.org\/es\/intercambio-de-conocimiento\/interactive-discussion\/\"><div class=\"control\"><select name=\"sac_post_types\" class=\"sac-post-types\"><option value=\"\">Select Post Type<\/option><option value=\"page\">page<\/option><option value=\"post\">post<\/option><\/select><\/div><div class=\"control\"><select name=\"sac_category\" class=\"sac-category\" style=\"display:none;\"><option value=\"\">Elegir la categor\u00eda<\/option><option value=\"40\">An\u00e1lises<\/option><option value=\"37\">Events<\/option><option value=\"41\">News<\/option><option value=\"3\">Sin categorizar<\/option><option value=\"39\">Webinars<\/option><\/select><\/div><div class=\"control\"><select name=\"sac_posts\" class=\"sac-posts\"><option value=\"\">Seleccionar entrada<\/option><\/select><\/div><div class=\"control\"><input type=\"submit\" value=\"Filter\" \/><\/div><\/form><ul class=custom-comments>    <li>\n        <div class=\"avatar-custom\"><img alt='' src='https:\/\/secure.gravatar.com\/avatar\/a75ce9b5603bd84e46690b94b93d8fbbe17e9b2a41dbc1855a9b09a2ce967c9f?s=50&#038;d=mm&#038;r=g' srcset='https:\/\/secure.gravatar.com\/avatar\/a75ce9b5603bd84e46690b94b93d8fbbe17e9b2a41dbc1855a9b09a2ce967c9f?s=100&#038;d=mm&#038;r=g 2x' class='avatar avatar-50 photo' height='50' width='50' \/><\/div>\n        <div class=\"custom-comment-wrap\">\n            <h4 class=\"custom-comment-meta\">\n                From <span class=\"custom-comment-author\">GIAMAZON<\/span>\n                on \n                                    <span class = \"custom-comment-on-title\"><a href = \"https:\/\/giamazon.org\/es\/webinars-es\/mujeres-y-energia\/\" target = \"_blank\">Webinario Mujeres Y Energ\u00eda: Discusi\u00f3n Y Reflexiones<\/a><\/span>\n                    \n            <\/h4>\n            <blockquote><blockquote><p><strong style=\"background-color: rgb(245, 245, 245); color: rgb(100, 127, 53);\">Comentario de Profesora Susan Paulson (UF).&nbsp;&nbsp;En el evento y el documento acompa\u00f1ante (Mujeres y Energ\u00eda), percibo los siguientes elementos, que exigen m\u00e1s debate y priorizaci\u00f3n.<\/strong><\/p><\/blockquote>\n<p><strong>De \u201cla v\u00edctima vulnerable\u201d a las potencialidades y limitantes asociadas con diversas posiciones de femineidad.&nbsp;<\/strong><br \/>\nEn la&nbsp;<em>Presentaci\u00f3n<\/em>&nbsp;del texto de Silvia, Javier Gomez Aguilar subraya un cambio necesario desde programas destinadas a \u201cayudar\u201d a mujeres, concebidas como vulnerables, hacia procesos que fortalecen las capacidades de organizaci\u00f3n y acci\u00f3n.&nbsp;Eso implica no s\u00f3lo transformar las formas de producci\u00f3n sino, m\u00e1s bien, la transformaci\u00f3n de las relaciones sociales de dominaci\u00f3n y explotaci\u00f3n.&nbsp;<\/p>\n<\/blockquote>\n                            <span class=\"custom-comment-link\"><a href=\"https:\/\/giamazon.org\/?p=6264#comment-51\" target=\"_blank\">Go to comment<\/a><\/span><br>\n                            \n                            <span class=\"custom-comment-link\">2020\/11\/11 at 10:24 am<\/span>    \n                        <\/div>\n    <\/li>\n    <\/li><!-- #comment-## -->\n<\/ul><div class=custom-navigation><\/div><\/div>[\/vc_column_text][\/vc_column][\/vc_row]\n<\/div>","protected":false},"excerpt":{"rendered":"<p>[vc_section][vc_row][vc_column][vc_custom_heading text=\u00bbWelcome to our Interactive Discussion\u00bb use_theme_fonts=\u00bbyes\u00bb][vc_separator color=\u00bbcustom\u00bb align=\u00bbalign_left\u00bb border_width=\u00bb2&#8243; el_width=\u00bb10&#8243; accent_color=\u00bb#647f35&#8243;][vc_column_text]We welcome your feedback on any GIA products, analyses, webinars, news, and events. Please locate the item on the Knowledge Exchange or Products tab and leave your comment at the bottom of that webpage. Your comments and discussion are important to validate, correct, and&hellip;<\/p>\n","protected":false},"author":1,"featured_media":4645,"parent":5482,"menu_order":0,"comment_status":"open","ping_status":"closed","template":"template-microsite.php","meta":{"_acf_changed":false,"footnotes":""},"class_list":["post-5642","page","type-page","status-publish","has-post-thumbnail","hentry","description-off"],"acf":[],"yoast_head":"<!-- This site is optimized with the Yoast SEO plugin v27.2 - https:\/\/yoast.com\/product\/yoast-seo-wordpress\/ -->\n<title>Interactive Discussion - GIAMAZON<\/title>\n<meta name=\"description\" content=\"We welcome your input on any of the GIA products, analyses, webinars, news, and events. Your comments and discussion are important to validate, correct, and amplify GIA\u2019s preliminary findings and advance our shared goals.\" \/>\n<meta name=\"robots\" content=\"index, follow, max-snippet:-1, max-image-preview:large, max-video-preview:-1\" \/>\n<link rel=\"canonical\" href=\"https:\/\/giamazon.org\/knowledge-exchange\/interactive-discussion\/\" \/>\n<meta property=\"og:locale\" content=\"es_ES\" \/>\n<meta property=\"og:type\" content=\"article\" \/>\n<meta property=\"og:title\" content=\"Welcome to our Interactive Discussion\" \/>\n<meta property=\"og:description\" content=\"We welcome your input on any of the GIA products, analyses, webinars, news, and events. Your comments and discussion are important to validate, correct, and amplify GIA\u2019s preliminary findings and advance our shared goals.\" \/>\n<meta property=\"og:url\" content=\"https:\/\/giamazon.org\/knowledge-exchange\/interactive-discussion\/\" \/>\n<meta property=\"og:site_name\" content=\"GIAMAZON\" \/>\n<meta property=\"article:publisher\" content=\"https:\/\/www.facebook.com\/uftcd\" \/>\n<meta property=\"article:modified_time\" content=\"2020-11-01T19:38:35+00:00\" \/>\n<meta property=\"og:image\" content=\"https:\/\/giamazon.org\/wp-content\/uploads\/2020\/09\/GIA-EXCHANGE_03.jpg\" \/>\n\t<meta property=\"og:image:width\" content=\"500\" \/>\n\t<meta property=\"og:image:height\" content=\"283\" \/>\n\t<meta property=\"og:image:type\" content=\"image\/jpeg\" \/>\n<meta name=\"twitter:card\" content=\"summary_large_image\" \/>\n<meta name=\"twitter:title\" content=\"Welcome to our Interactive Discussion\" \/>\n<meta name=\"twitter:description\" content=\"We welcome your input on any of the GIA products, analyses, webinars, news, and events. Your comments and discussion are important to validate, correct, and amplify GIA\u2019s preliminary findings and advance our shared goals.\" \/>\n<meta name=\"twitter:image\" content=\"https:\/\/giamazon.org\/wp-content\/uploads\/2020\/09\/GIA-EXCHANGE_03.jpg\" \/>\n<meta name=\"twitter:site\" content=\"@TCD_UF\" \/>\n<meta name=\"twitter:label1\" content=\"Tiempo de lectura\" \/>\n\t<meta name=\"twitter:data1\" content=\"2 minutos\" \/>\n<script type=\"application\/ld+json\" class=\"yoast-schema-graph\">{\"@context\":\"https:\/\/schema.org\",\"@graph\":[{\"@type\":\"WebPage\",\"@id\":\"https:\/\/giamazon.org\/knowledge-exchange\/interactive-discussion\/\",\"url\":\"https:\/\/giamazon.org\/knowledge-exchange\/interactive-discussion\/\",\"name\":\"Interactive Discussion - GIAMAZON\",\"isPartOf\":{\"@id\":\"https:\/\/giamazon.org\/#website\"},\"primaryImageOfPage\":{\"@id\":\"https:\/\/giamazon.org\/knowledge-exchange\/interactive-discussion\/#primaryimage\"},\"image\":{\"@id\":\"https:\/\/giamazon.org\/knowledge-exchange\/interactive-discussion\/#primaryimage\"},\"thumbnailUrl\":\"https:\/\/giamazon.org\/wp-content\/uploads\/2020\/09\/GIA-EXCHANGE_03.jpg\",\"datePublished\":\"2020-05-25T14:06:36+00:00\",\"dateModified\":\"2020-11-01T19:38:35+00:00\",\"description\":\"We welcome your input on any of the GIA products, analyses, webinars, news, and events. Your comments and discussion are important to validate, correct, and amplify GIA\u2019s preliminary findings and advance our shared goals.\",\"breadcrumb\":{\"@id\":\"https:\/\/giamazon.org\/knowledge-exchange\/interactive-discussion\/#breadcrumb\"},\"inLanguage\":\"es\",\"potentialAction\":[{\"@type\":\"ReadAction\",\"target\":[\"https:\/\/giamazon.org\/knowledge-exchange\/interactive-discussion\/\"]}]},{\"@type\":\"ImageObject\",\"inLanguage\":\"es\",\"@id\":\"https:\/\/giamazon.org\/knowledge-exchange\/interactive-discussion\/#primaryimage\",\"url\":\"https:\/\/giamazon.org\/wp-content\/uploads\/2020\/09\/GIA-EXCHANGE_03.jpg\",\"contentUrl\":\"https:\/\/giamazon.org\/wp-content\/uploads\/2020\/09\/GIA-EXCHANGE_03.jpg\",\"width\":500,\"height\":283},{\"@type\":\"BreadcrumbList\",\"@id\":\"https:\/\/giamazon.org\/knowledge-exchange\/interactive-discussion\/#breadcrumb\",\"itemListElement\":[{\"@type\":\"ListItem\",\"position\":1,\"name\":\"Home\",\"item\":\"https:\/\/giamazon.org\/\"},{\"@type\":\"ListItem\",\"position\":2,\"name\":\"Intercambio de conocimiento\",\"item\":\"https:\/\/giamazon.org\/knowledge-exchange\/\"},{\"@type\":\"ListItem\",\"position\":3,\"name\":\"Interactive Discussion\"}]},{\"@type\":\"WebSite\",\"@id\":\"https:\/\/giamazon.org\/#website\",\"url\":\"https:\/\/giamazon.org\/\",\"name\":\"GIAMAZON\",\"description\":\"Amazon Community of Pratice\",\"publisher\":{\"@id\":\"https:\/\/giamazon.org\/#organization\"},\"potentialAction\":[{\"@type\":\"SearchAction\",\"target\":{\"@type\":\"EntryPoint\",\"urlTemplate\":\"https:\/\/giamazon.org\/?s={search_term_string}\"},\"query-input\":{\"@type\":\"PropertyValueSpecification\",\"valueRequired\":true,\"valueName\":\"search_term_string\"}}],\"inLanguage\":\"es\"},{\"@type\":\"Organization\",\"@id\":\"https:\/\/giamazon.org\/#organization\",\"name\":\"GIAMAZON\",\"url\":\"https:\/\/giamazon.org\/\",\"logo\":{\"@type\":\"ImageObject\",\"inLanguage\":\"es\",\"@id\":\"https:\/\/giamazon.org\/#\/schema\/logo\/image\/\",\"url\":\"https:\/\/giamazon.org\/wp-content\/uploads\/2020\/05\/GIAMAZON_LOGO_B.png\",\"contentUrl\":\"https:\/\/giamazon.org\/wp-content\/uploads\/2020\/05\/GIAMAZON_LOGO_B.png\",\"width\":346,\"height\":136,\"caption\":\"GIAMAZON\"},\"image\":{\"@id\":\"https:\/\/giamazon.org\/#\/schema\/logo\/image\/\"},\"sameAs\":[\"https:\/\/www.facebook.com\/uftcd\",\"https:\/\/x.com\/TCD_UF\",\"https:\/\/www.instagram.com\/tcduf\/\",\"https:\/\/www.youtube.com\/playlist?list=PLm6vzhWlypS99EgUdvzIc0An7HpDASeha\"]}]}<\/script>\n<!-- \/ Yoast SEO plugin. -->","yoast_head_json":{"title":"Interactive Discussion - GIAMAZON","description":"We welcome your input on any of the GIA products, analyses, webinars, news, and events. Your comments and discussion are important to validate, correct, and amplify GIA\u2019s preliminary findings and advance our shared goals.","robots":{"index":"index","follow":"follow","max-snippet":"max-snippet:-1","max-image-preview":"max-image-preview:large","max-video-preview":"max-video-preview:-1"},"canonical":"https:\/\/giamazon.org\/knowledge-exchange\/interactive-discussion\/","og_locale":"es_ES","og_type":"article","og_title":"Welcome to our Interactive Discussion","og_description":"We welcome your input on any of the GIA products, analyses, webinars, news, and events. Your comments and discussion are important to validate, correct, and amplify GIA\u2019s preliminary findings and advance our shared goals.","og_url":"https:\/\/giamazon.org\/knowledge-exchange\/interactive-discussion\/","og_site_name":"GIAMAZON","article_publisher":"https:\/\/www.facebook.com\/uftcd","article_modified_time":"2020-11-01T19:38:35+00:00","og_image":[{"width":500,"height":283,"url":"https:\/\/giamazon.org\/wp-content\/uploads\/2020\/09\/GIA-EXCHANGE_03.jpg","type":"image\/jpeg"}],"twitter_card":"summary_large_image","twitter_title":"Welcome to our Interactive Discussion","twitter_description":"We welcome your input on any of the GIA products, analyses, webinars, news, and events. Your comments and discussion are important to validate, correct, and amplify GIA\u2019s preliminary findings and advance our shared goals.","twitter_image":"https:\/\/giamazon.org\/wp-content\/uploads\/2020\/09\/GIA-EXCHANGE_03.jpg","twitter_site":"@TCD_UF","twitter_misc":{"Tiempo de lectura":"2 minutos"},"schema":{"@context":"https:\/\/schema.org","@graph":[{"@type":"WebPage","@id":"https:\/\/giamazon.org\/knowledge-exchange\/interactive-discussion\/","url":"https:\/\/giamazon.org\/knowledge-exchange\/interactive-discussion\/","name":"Interactive Discussion - GIAMAZON","isPartOf":{"@id":"https:\/\/giamazon.org\/#website"},"primaryImageOfPage":{"@id":"https:\/\/giamazon.org\/knowledge-exchange\/interactive-discussion\/#primaryimage"},"image":{"@id":"https:\/\/giamazon.org\/knowledge-exchange\/interactive-discussion\/#primaryimage"},"thumbnailUrl":"https:\/\/giamazon.org\/wp-content\/uploads\/2020\/09\/GIA-EXCHANGE_03.jpg","datePublished":"2020-05-25T14:06:36+00:00","dateModified":"2020-11-01T19:38:35+00:00","description":"We welcome your input on any of the GIA products, analyses, webinars, news, and events. Your comments and discussion are important to validate, correct, and amplify GIA\u2019s preliminary findings and advance our shared goals.","breadcrumb":{"@id":"https:\/\/giamazon.org\/knowledge-exchange\/interactive-discussion\/#breadcrumb"},"inLanguage":"es","potentialAction":[{"@type":"ReadAction","target":["https:\/\/giamazon.org\/knowledge-exchange\/interactive-discussion\/"]}]},{"@type":"ImageObject","inLanguage":"es","@id":"https:\/\/giamazon.org\/knowledge-exchange\/interactive-discussion\/#primaryimage","url":"https:\/\/giamazon.org\/wp-content\/uploads\/2020\/09\/GIA-EXCHANGE_03.jpg","contentUrl":"https:\/\/giamazon.org\/wp-content\/uploads\/2020\/09\/GIA-EXCHANGE_03.jpg","width":500,"height":283},{"@type":"BreadcrumbList","@id":"https:\/\/giamazon.org\/knowledge-exchange\/interactive-discussion\/#breadcrumb","itemListElement":[{"@type":"ListItem","position":1,"name":"Home","item":"https:\/\/giamazon.org\/"},{"@type":"ListItem","position":2,"name":"Intercambio de conocimiento","item":"https:\/\/giamazon.org\/knowledge-exchange\/"},{"@type":"ListItem","position":3,"name":"Interactive Discussion"}]},{"@type":"WebSite","@id":"https:\/\/giamazon.org\/#website","url":"https:\/\/giamazon.org\/","name":"GIAMAZON","description":"Amazon Community of Pratice","publisher":{"@id":"https:\/\/giamazon.org\/#organization"},"potentialAction":[{"@type":"SearchAction","target":{"@type":"EntryPoint","urlTemplate":"https:\/\/giamazon.org\/?s={search_term_string}"},"query-input":{"@type":"PropertyValueSpecification","valueRequired":true,"valueName":"search_term_string"}}],"inLanguage":"es"},{"@type":"Organization","@id":"https:\/\/giamazon.org\/#organization","name":"GIAMAZON","url":"https:\/\/giamazon.org\/","logo":{"@type":"ImageObject","inLanguage":"es","@id":"https:\/\/giamazon.org\/#\/schema\/logo\/image\/","url":"https:\/\/giamazon.org\/wp-content\/uploads\/2020\/05\/GIAMAZON_LOGO_B.png","contentUrl":"https:\/\/giamazon.org\/wp-content\/uploads\/2020\/05\/GIAMAZON_LOGO_B.png","width":346,"height":136,"caption":"GIAMAZON"},"image":{"@id":"https:\/\/giamazon.org\/#\/schema\/logo\/image\/"},"sameAs":["https:\/\/www.facebook.com\/uftcd","https:\/\/x.com\/TCD_UF","https:\/\/www.instagram.com\/tcduf\/","https:\/\/www.youtube.com\/playlist?list=PLm6vzhWlypS99EgUdvzIc0An7HpDASeha"]}]}},"_links":{"self":[{"href":"https:\/\/giamazon.org\/es\/wp-json\/wp\/v2\/pages\/5642","targetHints":{"allow":["GET"]}}],"collection":[{"href":"https:\/\/giamazon.org\/es\/wp-json\/wp\/v2\/pages"}],"about":[{"href":"https:\/\/giamazon.org\/es\/wp-json\/wp\/v2\/types\/page"}],"author":[{"embeddable":true,"href":"https:\/\/giamazon.org\/es\/wp-json\/wp\/v2\/users\/1"}],"replies":[{"embeddable":true,"href":"https:\/\/giamazon.org\/es\/wp-json\/wp\/v2\/comments?post=5642"}],"version-history":[{"count":0,"href":"https:\/\/giamazon.org\/es\/wp-json\/wp\/v2\/pages\/5642\/revisions"}],"up":[{"embeddable":true,"href":"https:\/\/giamazon.org\/es\/wp-json\/wp\/v2\/pages\/5482"}],"wp:featuredmedia":[{"embeddable":true,"href":"https:\/\/giamazon.org\/es\/wp-json\/wp\/v2\/media\/4645"}],"wp:attachment":[{"href":"https:\/\/giamazon.org\/es\/wp-json\/wp\/v2\/media?parent=5642"}],"curies":[{"name":"wp","href":"https:\/\/api.w.org\/{rel}","templated":true}]}}