{"id":5676,"date":"2020-05-21T19:29:00","date_gmt":"2020-05-21T23:29:00","guid":{"rendered":"https:\/\/giamazon.org\/focal-mosaics\/"},"modified":"2020-11-15T15:47:27","modified_gmt":"2020-11-15T20:47:27","slug":"mosaicos-focais","status":"publish","type":"page","link":"https:\/\/giamazon.org\/pt-br\/mosaicos-focais\/","title":{"rendered":"Mosaicos Focais"},"content":{"rendered":"<div class=\"wpb-content-wrapper\">[vc_section][vc_row][vc_column offset=&#8221;vc_hidden-sm vc_hidden-xs&#8221;][vc_empty_space height=&#8221;40px&#8221;][\/vc_column][\/vc_row][vc_row full_width=&#8221;stretch_row&#8221; css=&#8221;.vc_custom_1593047283193{margin-bottom: 0px !important;}&#8221;][vc_column offset=&#8221;vc_hidden-sm vc_hidden-xs&#8221;][vc_custom_heading text=&#8221;A Comunidade Pan-Amaz\u00f4nica de Pr\u00e1tica e Aprendizagem do GIA trabalha com redes de profissionais de ONGs, organiza\u00e7\u00f5es comunit\u00e1rias, governo e academia dentro dos 4 mosaicos focais de \u00e1reas protegidas (unidades de conserva\u00e7\u00e3o e terras ind\u00edgenas). Encontre informa\u00e7\u00f5es sobre cada mosaico focal deslizando o mouse sobre o mapa ou clicando nas caixas abaixo.&#8221; font_container=&#8221;tag:h3|text_align:center&#8221; use_theme_fonts=&#8221;yes&#8221;][\/vc_column][\/vc_row][\/vc_section][vc_section][vc_row][vc_column offset=&#8221;vc_hidden-sm vc_hidden-xs&#8221;][vc_empty_space height=&#8221;10px&#8221;][\/vc_column][\/vc_row][vc_row][vc_column offset=&#8221;vc_hidden-sm vc_hidden-xs&#8221;][vc_raw_html]JTNDZGl2JTIwY2xhc3MlM0QlMjJib3hfbWFwJTIyJTNFJTNDYSUyMGhyZWYlM0QlMjJodHRwcyUzQSUyRiUyRmdpYW1hem9uLm9yZyUyRnB0LWJyJTJGbW9zYWljb3MtZm9jYWlzJTJGYW1hem9uaWEtY29sb21iaWFuYSUyRiUyMiUyMGNsYXNzJTNEJTIybWFwc19mb2NhbF9tb3NhaWNzJTIwbWFwX2NvbG9tYmlhJTIyJTIwdGl0bGUlM0QlMjJBbWF6JUMzJUI0bmlhJTIwQ29sb21iaWFuYSUyMiUzRSUzQyUyRmElM0UlM0NhJTIwaHJlZiUzRCUyMmh0dHBzJTNBJTJGJTJGZ2lhbWF6b24ub3JnJTJGcHQtYnIlMkZtb3NhaWNvcy1mb2NhaXMlMkZsb3JldG8tcGVydSUyRiUyMiUyMGNsYXNzJTNEJTIybWFwc19mb2NhbF9tb3NhaWNzJTIwbWFwX3BlcnUlMjIlMjB0aXRsZSUzRCUyMkxvcmV0byUyMC0lMjBQZXJ1JTIyJTNFJTNDJTJGYSUzRSUzQ2ElMjBocmVmJTNEJTIyaHR0cHMlM0ElMkYlMkZnaWFtYXpvbi5vcmclMkZwdC1iciUyRm1vc2FpY29zLWZvY2FpcyUyRnN1bC1kZS1hbWF6b25hcyUyRiUyMiUyMGNsYXNzJTNEJTIybWFwc19mb2NhbF9tb3NhaWNzJTIwbWFwX2FtYXpvbmFzJTIyJTIwdGl0bGUlM0QlMjJTdWwlMjBEZSUyMEFtYXpvbmFzJTIwJUUyJTgwJTkzJTIwTm9ydGUlMjBEZSUyMFJvbmQlQzMlQjRuaWElMkMlMjBCcmFzaWwlMjIlM0UlM0MlMkZhJTNFJTNDYSUyMGhyZWYlM0QlMjJodHRwcyUzQSUyRiUyRmdpYW1hem9uLm9yZyUyRnB0LWJyJTJGbW9zYWljb3MtZm9jYWlzJTJGYWx0by1tYWRlaXJhLWJvbGl2aWEtYnJhc2lsJTJGJTIyJTIwY2xhc3MlM0QlMjJtYXBzX2ZvY2FsX21vc2FpY3MlMjBtYXBfYm9saXZpYSUyMiUyMHRpdGxlJTNEJTIyQWx0byUyME1hZGVpcmElMjAtJTIwQm9saXZpYSUyMiUzRSUzQyUyRmElM0UlM0MlMkZkaXYlM0U=[\/vc_raw_html][\/vc_column][\/vc_row][vc_row][vc_column offset=&#8221;vc_hidden-sm vc_hidden-xs&#8221;][vc_empty_space height=&#8221;30px&#8221;][\/vc_column][\/vc_row][\/vc_section][vc_section][vc_row][vc_column width=&#8221;1\/3&#8243; offset=&#8221;vc_hidden-sm vc_hidden-xs&#8221;][vc_row_inner][vc_column_inner width=&#8221;1\/4&#8243;][vc_single_image image=&#8221;3920&#8243; img_size=&#8221;full&#8221;][\/vc_column_inner][vc_column_inner width=&#8221;3\/4&#8243;][vc_custom_heading text=&#8221;Aprendizagem<br \/>\nRedes em<br \/>\nMosaicos Focais&#8221; font_container=&#8221;tag:h4|text_align:left|color:%23020202&#8243; use_theme_fonts=&#8221;yes&#8221;][\/vc_column_inner][\/vc_row_inner][\/vc_column][vc_column width=&#8221;1\/3&#8243; offset=&#8221;vc_hidden-sm vc_hidden-xs&#8221;][vc_row_inner][vc_column_inner width=&#8221;1\/4&#8243;][vc_single_image image=&#8221;3923&#8243; img_size=&#8221;full&#8221;][\/vc_column_inner][vc_column_inner width=&#8221;3\/4&#8243;][vc_custom_heading text=&#8221;Outra Aprendizagem<br \/>\nParceiros de Rede&#8221; font_container=&#8221;tag:h4|text_align:left|color:%23020202&#8243; use_theme_fonts=&#8221;yes&#8221;][\/vc_column_inner][\/vc_row_inner][\/vc_column][vc_column width=&#8221;1\/3&#8243; offset=&#8221;vc_hidden-sm vc_hidden-xs&#8221;][vc_row_inner][vc_column_inner width=&#8221;1\/4&#8243;][vc_single_image image=&#8221;3917&#8243; img_size=&#8221;full&#8221;][\/vc_column_inner][vc_column_inner width=&#8221;3\/4&#8243;][vc_custom_heading text=&#8221;Cross-site<br \/>\nAprendizagem&#8221; font_container=&#8221;tag:h4|text_align:left|color:%23020202&#8243; use_theme_fonts=&#8221;yes&#8221;][\/vc_column_inner][\/vc_row_inner][\/vc_column][\/vc_row][\/vc_section][vc_section][vc_row][vc_column offset=&#8221;vc_hidden-sm vc_hidden-xs&#8221;][vc_empty_space height=&#8221;50&#8243;][\/vc_column][\/vc_row][vc_row][vc_column width=&#8221;1\/2&#8243; offset=&#8221;vc_hidden-sm vc_hidden-xs&#8221;][vc_row_inner][vc_column_inner width=&#8221;1\/6&#8243;][vc_single_image image=&#8221;3914&#8243; img_size=&#8221;full&#8221; image_hovers=&#8221;false&#8221;][\/vc_column_inner][vc_column_inner width=&#8221;5\/6&#8243;][vc_custom_heading text=&#8221;Amaz\u00f4nia Colombiana&#8221; font_container=&#8221;tag:h3|text_align:left|color:%23851a00&#8243; use_theme_fonts=&#8221;yes&#8221; link=&#8221;url:https%3A%2F%2Fgiamazon.org%2Fpt-br%2Fmosaicos-focais%2Famazonia-colombiana%2F|title:Amaz%C3%B4nia%20Colombiana&#8221;][\/vc_column_inner][\/vc_row_inner][vc_row_inner][vc_column_inner width=&#8221;1\/6&#8243;][vc_single_image image=&#8221;3926&#8243; img_size=&#8221;full&#8221; image_hovers=&#8221;false&#8221;][\/vc_column_inner][vc_column_inner width=&#8221;5\/6&#8243;][vc_custom_heading text=&#8221;Loreto &#8211; Peru&#8221; font_container=&#8221;tag:h3|text_align:left|color:%23f7ae2b&#8221; use_theme_fonts=&#8221;yes&#8221; link=&#8221;url:https%3A%2F%2Fgiamazon.org%2Fpt-br%2Fmosaicos-focais%2Floreto-peru|title:Loreto%20(Per%C3%BA)&#8221;][\/vc_column_inner][\/vc_row_inner][\/vc_column][vc_column width=&#8221;1\/2&#8243; offset=&#8221;vc_hidden-sm vc_hidden-xs&#8221;][vc_row_inner][vc_column_inner width=&#8221;1\/6&#8243;][vc_single_image image=&#8221;3908&#8243; img_size=&#8221;full&#8221; image_hovers=&#8221;false&#8221;][\/vc_column_inner][vc_column_inner width=&#8221;5\/6&#8243;][vc_custom_heading text=&#8221;Alto Madeira (Bolivia \u2013 Brasil)&#8221; font_container=&#8221;tag:h3|text_align:left|color:%239be617&#8243; use_theme_fonts=&#8221;yes&#8221; link=&#8221;url:https%3A%2F%2Fgiamazon.org%2Fpt-br%2Fmosaicos-focais%2Falto-madeira-bolivia-brasil%2F|title:Alto%20Madeira%20(Bolivia%20%E2%80%93%20Brasil)&#8221;][\/vc_column_inner][\/vc_row_inner][vc_row_inner][vc_column_inner width=&#8221;1\/6&#8243;][vc_single_image image=&#8221;3911&#8243; img_size=&#8221;full&#8221; image_hovers=&#8221;false&#8221;][\/vc_column_inner][vc_column_inner width=&#8221;5\/6&#8243;][vc_custom_heading text=&#8221;Sul de Amazonas \u2013 Norte de Rond\u00f4nia, Brasil&#8221; font_container=&#8221;tag:h3|text_align:left|color:%230090eb&#8221; use_theme_fonts=&#8221;yes&#8221; link=&#8221;url:https%3A%2F%2Fgiamazon.org%2Fpt-br%2Fmosaicos-focais%2Fsul-de-amazonas|title:Sul%20do%20Amazonas%20%E2%80%93%20Norte%20de%20Rond%C3%B4nia%2C%20Brasil&#8221;][\/vc_column_inner][\/vc_row_inner][\/vc_column][\/vc_row][vc_row][vc_column offset=&#8221;vc_hidden-sm vc_hidden-xs&#8221;][vc_empty_space height=&#8221;50&#8243;][\/vc_column][\/vc_row][\/vc_section][vc_section full_width=&#8221;stretch_row_content&#8221; css=&#8221;.vc_custom_1593443480586{margin-top: 0px !important;margin-bottom: 0px !important;padding-right: 10px !important;padding-left: 10px !important;background-color: #647f35 !important;}&#8221;][vc_row][vc_column][vc_empty_space height=&#8221;40&#8243;][\/vc_column][\/vc_row][vc_row][vc_column][vc_row_inner][vc_column_inner][vc_custom_heading text=&#8221;Explore Onde Trabalhamos, Clique em Cada caixa abaixo:&#8221; font_container=&#8221;tag:h3|text_align:center|color:%23ffffff&#8221; use_theme_fonts=&#8221;yes&#8221;][\/vc_column_inner][\/vc_row_inner][vc_row_inner equal_height=&#8221;yes&#8221; content_placement=&#8221;middle&#8221; gap=&#8221;15&#8243; css=&#8221;.vc_custom_1592251683460{padding-top: 30px !important;padding-bottom: 30px !important;}&#8221;][vc_column_inner width=&#8221;1\/4&#8243; css=&#8221;.vc_custom_1599161161909{padding-top: 60px !important;padding-bottom: 60px !important;background-image: url(https:\/\/giamazon.org\/wp-content\/uploads\/2020\/09\/Upper-Madera.jpg?id=3793) !important;background-position: center !important;background-repeat: no-repeat !important;background-size: cover !important;}&#8221;][vc_custom_heading text=&#8221;Alto Madeira<br \/>\n(Bolivia \u2013 Brasil)&#8221; font_container=&#8221;tag:h2|font_size:22|text_align:center|color:%23ffffff|line_height:1.3&#8243; use_theme_fonts=&#8221;yes&#8221; link=&#8221;url:https%3A%2F%2Fgiamazon.org%2Fpt-br%2Fmosaicos-focais%2Falto-madeira-bolivia-brasil%2F&#8221;][vc_btn title=&#8221;Saiba Mais&#8221; style=&#8221;custom&#8221; custom_background=&#8221;rgba(255,255,255,0.96)&#8221; custom_text=&#8221;#3b4b1f&#8221; size=&#8221;sm&#8221; align=&#8221;center&#8221; css=&#8221;.vc_custom_1604049356258{margin-top: 40px !important;}&#8221; link=&#8221;url:https%3A%2F%2Fgiamazon.org%2Fpt-br%2Fmosaicos-focais%2Falto-madeira-bolivia-brasil%2F&#8221;][\/vc_column_inner][vc_column_inner width=&#8221;1\/4&#8243; css=&#8221;.vc_custom_1599161182615{padding-top: 60px !important;padding-bottom: 50px !important;background-image: url(https:\/\/giamazon.org\/wp-content\/uploads\/2020\/09\/Credits_-Rodrigo-Botero-Colombia.jpg?id=3790) !important;background-position: center !important;background-repeat: no-repeat !important;background-size: cover !important;}&#8221;][vc_custom_heading text=&#8221;Amaz\u00f4nia<br \/>\nColombiana&#8221; font_container=&#8221;tag:h2|font_size:22|text_align:center|color:%23ffffff|line_height:1.3&#8243; use_theme_fonts=&#8221;yes&#8221; link=&#8221;url:https%3A%2F%2Fgiamazon.org%2Fpt-br%2Fmosaicos-focais%2Famazonia-colombiana%2F&#8221;][vc_btn title=&#8221;Saiba Mais&#8221; style=&#8221;custom&#8221; custom_background=&#8221;rgba(255,255,255,0.96)&#8221; custom_text=&#8221;#3b4b1f&#8221; size=&#8221;sm&#8221; align=&#8221;center&#8221; css=&#8221;.vc_custom_1604049408625{margin-top: 40px !important;}&#8221; link=&#8221;url:https%3A%2F%2Fgiamazon.org%2Fpt-br%2Fmosaicos-focais%2Famazonia-colombiana%2F&#8221;][\/vc_column_inner][vc_column_inner width=&#8221;1\/4&#8243; css=&#8221;.vc_custom_1599161207595{padding-top: 60px !important;padding-bottom: 50px !important;background-image: url(https:\/\/giamazon.org\/wp-content\/uploads\/2020\/09\/Peru-Loreto.jpg?id=3797) !important;background-position: center !important;background-repeat: no-repeat !important;background-size: cover !important;}&#8221;][vc_custom_heading text=&#8221;Loreto<br \/>\n(Peru)&#8221; font_container=&#8221;tag:h2|font_size:22|text_align:center|color:%23ffffff|line_height:1.3&#8243; use_theme_fonts=&#8221;yes&#8221; link=&#8221;url:https%3A%2F%2Fgiamazon.org%2Fpt-br%2Fmosaicos-focais%2Floreto-peru%2F&#8221;][vc_btn title=&#8221;Saiba Mais&#8221; style=&#8221;custom&#8221; custom_background=&#8221;rgba(255,255,255,0.96)&#8221; custom_text=&#8221;#3b4b1f&#8221; size=&#8221;sm&#8221; align=&#8221;center&#8221; css=&#8221;.vc_custom_1604049439801{margin-top: 40px !important;}&#8221; link=&#8221;url:https%3A%2F%2Fgiamazon.org%2Fpt-br%2Fmosaicos-focais%2Floreto-peru%2F&#8221;][\/vc_column_inner][vc_column_inner width=&#8221;1\/4&#8243; css=&#8221;.vc_custom_1599161232277{padding-top: 60px !important;padding-bottom: 50px !important;background-image: url(https:\/\/giamazon.org\/wp-content\/uploads\/2020\/09\/Southern-Amazonas.jpg?id=3800) !important;background-position: center !important;background-repeat: no-repeat !important;background-size: cover !important;}&#8221;][vc_custom_heading text=&#8221;Sul De Amazonas \u2013<br \/>\nNorte De Rond\u00f4nia, Brasil&#8221; font_container=&#8221;tag:h2|font_size:22|text_align:center|color:%23ffffff|line_height:1.3&#8243; use_theme_fonts=&#8221;yes&#8221; link=&#8221;url:https%3A%2F%2Fgiamazon.org%2Fpt-br%2Fmosaicos-focais%2Fsul-de-amazonas%2F&#8221;][vc_btn title=&#8221;Saiba Mais&#8221; style=&#8221;custom&#8221; custom_background=&#8221;rgba(255,255,255,0.96)&#8221; custom_text=&#8221;#3b4b1f&#8221; size=&#8221;sm&#8221; align=&#8221;center&#8221; css=&#8221;.vc_custom_1604049487801{margin-top: 40px !important;}&#8221; link=&#8221;url:https%3A%2F%2Fgiamazon.org%2Fpt-br%2Fmosaicos-focais%2Fsul-de-amazonas%2F&#8221;][\/vc_column_inner][\/vc_row_inner][\/vc_column][\/vc_row][\/vc_section]\n<\/div>","protected":false},"excerpt":{"rendered":"<p>[vc_section][vc_row][vc_column offset=&#8221;vc_hidden-sm vc_hidden-xs&#8221;][vc_empty_space height=&#8221;40px&#8221;][\/vc_column][\/vc_row][vc_row full_width=&#8221;stretch_row&#8221; css=&#8221;.vc_custom_1593047283193{margin-bottom: 0px !important;}&#8221;][vc_column offset=&#8221;vc_hidden-sm vc_hidden-xs&#8221;][vc_custom_heading text=&#8221;A Comunidade Pan-Amaz\u00f4nica de Pr\u00e1tica e Aprendizagem do GIA trabalha com redes de profissionais de ONGs, organiza\u00e7\u00f5es comunit\u00e1rias, governo e academia dentro dos 4 mosaicos focais de \u00e1reas protegidas (unidades de conserva\u00e7\u00e3o e terras ind\u00edgenas). Encontre informa\u00e7\u00f5es sobre cada mosaico focal deslizando o mouse sobre&hellip;<\/p>\n","protected":false},"author":1,"featured_media":3895,"parent":0,"menu_order":0,"comment_status":"closed","ping_status":"closed","template":"template-microsite.php","meta":{"_acf_changed":false,"footnotes":""},"class_list":["post-5676","page","type-page","status-publish","has-post-thumbnail","hentry","description-off"],"acf":[],"yoast_head":"<!-- This site is optimized with the Yoast SEO plugin v27.2 - https:\/\/yoast.com\/product\/yoast-seo-wordpress\/ -->\n<title>Mosaicos Focais - GIAMAZON<\/title>\n<meta name=\"description\" content=\"A Comunidade Pan-Amaz\u00f4nica de Pr\u00e1tica e Aprendizagem do GIA trabalha com redes de profissionais de ONGs, organiza\u00e7\u00f5es comunit\u00e1rias, governo e academia dentro dos 4 mosaicos focais de \u00e1reas protegidas (unidades de conserva\u00e7\u00e3o e terras ind\u00edgenas).\" \/>\n<meta name=\"robots\" content=\"index, follow, max-snippet:-1, max-image-preview:large, max-video-preview:-1\" \/>\n<link rel=\"canonical\" href=\"https:\/\/giamazon.org\/focal-mosaics\/\" \/>\n<meta property=\"og:locale\" content=\"pt_BR\" \/>\n<meta property=\"og:type\" content=\"article\" \/>\n<meta property=\"og:title\" content=\"Mosaicos Focais\" \/>\n<meta property=\"og:description\" content=\"A Comunidade Pan-Amaz\u00f4nica de Pr\u00e1tica e Aprendizagem do GIA trabalha com redes de profissionais de ONGs, organiza\u00e7\u00f5es comunit\u00e1rias, governo e academia dentro dos 4 mosaicos focais de \u00e1reas protegidas (unidades de conserva\u00e7\u00e3o e terras ind\u00edgenas).\" \/>\n<meta property=\"og:url\" content=\"https:\/\/giamazon.org\/focal-mosaics\/\" \/>\n<meta property=\"og:site_name\" content=\"GIAMAZON\" \/>\n<meta property=\"article:publisher\" content=\"https:\/\/www.facebook.com\/uftcd\" \/>\n<meta property=\"article:modified_time\" content=\"2020-11-15T20:47:27+00:00\" \/>\n<meta property=\"og:image\" content=\"https:\/\/giamazon.org\/wp-content\/uploads\/2020\/09\/GIA_Community_01.jpg\" \/>\n\t<meta property=\"og:image:width\" content=\"740\" \/>\n\t<meta property=\"og:image:height\" content=\"312\" \/>\n\t<meta property=\"og:image:type\" content=\"image\/jpeg\" \/>\n<meta name=\"twitter:card\" content=\"summary_large_image\" \/>\n<meta name=\"twitter:title\" content=\"Mosaicos Focais\" \/>\n<meta name=\"twitter:description\" content=\"A Comunidade Pan-Amaz\u00f4nica de Pr\u00e1tica e Aprendizagem do GIA trabalha com redes de profissionais de ONGs, organiza\u00e7\u00f5es comunit\u00e1rias, governo e academia dentro dos 4 mosaicos focais de \u00e1reas protegidas (unidades de conserva\u00e7\u00e3o e terras ind\u00edgenas).\" \/>\n<meta name=\"twitter:image\" content=\"https:\/\/giamazon.org\/wp-content\/uploads\/2020\/09\/GIA_Community_01.jpg\" \/>\n<meta name=\"twitter:site\" content=\"@TCD_UF\" \/>\n<meta name=\"twitter:label1\" content=\"Est. tempo de leitura\" \/>\n\t<meta name=\"twitter:data1\" content=\"7 minutos\" \/>\n<script type=\"application\/ld+json\" class=\"yoast-schema-graph\">{\"@context\":\"https:\/\/schema.org\",\"@graph\":[{\"@type\":\"WebPage\",\"@id\":\"https:\/\/giamazon.org\/focal-mosaics\/\",\"url\":\"https:\/\/giamazon.org\/focal-mosaics\/\",\"name\":\"Mosaicos Focais - GIAMAZON\",\"isPartOf\":{\"@id\":\"https:\/\/giamazon.org\/#website\"},\"primaryImageOfPage\":{\"@id\":\"https:\/\/giamazon.org\/focal-mosaics\/#primaryimage\"},\"image\":{\"@id\":\"https:\/\/giamazon.org\/focal-mosaics\/#primaryimage\"},\"thumbnailUrl\":\"https:\/\/giamazon.org\/wp-content\/uploads\/2020\/09\/GIA_Community_01.jpg\",\"datePublished\":\"2020-05-21T23:29:00+00:00\",\"dateModified\":\"2020-11-15T20:47:27+00:00\",\"description\":\"A Comunidade Pan-Amaz\u00f4nica de Pr\u00e1tica e Aprendizagem do GIA trabalha com redes de profissionais de ONGs, organiza\u00e7\u00f5es comunit\u00e1rias, governo e academia dentro dos 4 mosaicos focais de \u00e1reas protegidas (unidades de conserva\u00e7\u00e3o e terras ind\u00edgenas).\",\"breadcrumb\":{\"@id\":\"https:\/\/giamazon.org\/focal-mosaics\/#breadcrumb\"},\"inLanguage\":\"pt-BR\",\"potentialAction\":[{\"@type\":\"ReadAction\",\"target\":[\"https:\/\/giamazon.org\/focal-mosaics\/\"]}]},{\"@type\":\"ImageObject\",\"inLanguage\":\"pt-BR\",\"@id\":\"https:\/\/giamazon.org\/focal-mosaics\/#primaryimage\",\"url\":\"https:\/\/giamazon.org\/wp-content\/uploads\/2020\/09\/GIA_Community_01.jpg\",\"contentUrl\":\"https:\/\/giamazon.org\/wp-content\/uploads\/2020\/09\/GIA_Community_01.jpg\",\"width\":740,\"height\":312,\"caption\":\"GIA Community\"},{\"@type\":\"BreadcrumbList\",\"@id\":\"https:\/\/giamazon.org\/focal-mosaics\/#breadcrumb\",\"itemListElement\":[{\"@type\":\"ListItem\",\"position\":1,\"name\":\"Home\",\"item\":\"https:\/\/giamazon.org\/\"},{\"@type\":\"ListItem\",\"position\":2,\"name\":\"Mosaicos Focais\"}]},{\"@type\":\"WebSite\",\"@id\":\"https:\/\/giamazon.org\/#website\",\"url\":\"https:\/\/giamazon.org\/\",\"name\":\"GIAMAZON\",\"description\":\"Amazon Community of Pratice\",\"publisher\":{\"@id\":\"https:\/\/giamazon.org\/#organization\"},\"potentialAction\":[{\"@type\":\"SearchAction\",\"target\":{\"@type\":\"EntryPoint\",\"urlTemplate\":\"https:\/\/giamazon.org\/?s={search_term_string}\"},\"query-input\":{\"@type\":\"PropertyValueSpecification\",\"valueRequired\":true,\"valueName\":\"search_term_string\"}}],\"inLanguage\":\"pt-BR\"},{\"@type\":\"Organization\",\"@id\":\"https:\/\/giamazon.org\/#organization\",\"name\":\"GIAMAZON\",\"url\":\"https:\/\/giamazon.org\/\",\"logo\":{\"@type\":\"ImageObject\",\"inLanguage\":\"pt-BR\",\"@id\":\"https:\/\/giamazon.org\/#\/schema\/logo\/image\/\",\"url\":\"https:\/\/giamazon.org\/wp-content\/uploads\/2020\/05\/GIAMAZON_LOGO_B.png\",\"contentUrl\":\"https:\/\/giamazon.org\/wp-content\/uploads\/2020\/05\/GIAMAZON_LOGO_B.png\",\"width\":346,\"height\":136,\"caption\":\"GIAMAZON\"},\"image\":{\"@id\":\"https:\/\/giamazon.org\/#\/schema\/logo\/image\/\"},\"sameAs\":[\"https:\/\/www.facebook.com\/uftcd\",\"https:\/\/x.com\/TCD_UF\",\"https:\/\/www.instagram.com\/tcduf\/\",\"https:\/\/www.youtube.com\/playlist?list=PLm6vzhWlypS99EgUdvzIc0An7HpDASeha\"]}]}<\/script>\n<!-- \/ Yoast SEO plugin. -->","yoast_head_json":{"title":"Mosaicos Focais - GIAMAZON","description":"A Comunidade Pan-Amaz\u00f4nica de Pr\u00e1tica e Aprendizagem do GIA trabalha com redes de profissionais de ONGs, organiza\u00e7\u00f5es comunit\u00e1rias, governo e academia dentro dos 4 mosaicos focais de \u00e1reas protegidas (unidades de conserva\u00e7\u00e3o e terras ind\u00edgenas).","robots":{"index":"index","follow":"follow","max-snippet":"max-snippet:-1","max-image-preview":"max-image-preview:large","max-video-preview":"max-video-preview:-1"},"canonical":"https:\/\/giamazon.org\/focal-mosaics\/","og_locale":"pt_BR","og_type":"article","og_title":"Mosaicos Focais","og_description":"A Comunidade Pan-Amaz\u00f4nica de Pr\u00e1tica e Aprendizagem do GIA trabalha com redes de profissionais de ONGs, organiza\u00e7\u00f5es comunit\u00e1rias, governo e academia dentro dos 4 mosaicos focais de \u00e1reas protegidas (unidades de conserva\u00e7\u00e3o e terras ind\u00edgenas).","og_url":"https:\/\/giamazon.org\/focal-mosaics\/","og_site_name":"GIAMAZON","article_publisher":"https:\/\/www.facebook.com\/uftcd","article_modified_time":"2020-11-15T20:47:27+00:00","og_image":[{"width":740,"height":312,"url":"https:\/\/giamazon.org\/wp-content\/uploads\/2020\/09\/GIA_Community_01.jpg","type":"image\/jpeg"}],"twitter_card":"summary_large_image","twitter_title":"Mosaicos Focais","twitter_description":"A Comunidade Pan-Amaz\u00f4nica de Pr\u00e1tica e Aprendizagem do GIA trabalha com redes de profissionais de ONGs, organiza\u00e7\u00f5es comunit\u00e1rias, governo e academia dentro dos 4 mosaicos focais de \u00e1reas protegidas (unidades de conserva\u00e7\u00e3o e terras ind\u00edgenas).","twitter_image":"https:\/\/giamazon.org\/wp-content\/uploads\/2020\/09\/GIA_Community_01.jpg","twitter_site":"@TCD_UF","twitter_misc":{"Est. tempo de leitura":"7 minutos"},"schema":{"@context":"https:\/\/schema.org","@graph":[{"@type":"WebPage","@id":"https:\/\/giamazon.org\/focal-mosaics\/","url":"https:\/\/giamazon.org\/focal-mosaics\/","name":"Mosaicos Focais - GIAMAZON","isPartOf":{"@id":"https:\/\/giamazon.org\/#website"},"primaryImageOfPage":{"@id":"https:\/\/giamazon.org\/focal-mosaics\/#primaryimage"},"image":{"@id":"https:\/\/giamazon.org\/focal-mosaics\/#primaryimage"},"thumbnailUrl":"https:\/\/giamazon.org\/wp-content\/uploads\/2020\/09\/GIA_Community_01.jpg","datePublished":"2020-05-21T23:29:00+00:00","dateModified":"2020-11-15T20:47:27+00:00","description":"A Comunidade Pan-Amaz\u00f4nica de Pr\u00e1tica e Aprendizagem do GIA trabalha com redes de profissionais de ONGs, organiza\u00e7\u00f5es comunit\u00e1rias, governo e academia dentro dos 4 mosaicos focais de \u00e1reas protegidas (unidades de conserva\u00e7\u00e3o e terras ind\u00edgenas).","breadcrumb":{"@id":"https:\/\/giamazon.org\/focal-mosaics\/#breadcrumb"},"inLanguage":"pt-BR","potentialAction":[{"@type":"ReadAction","target":["https:\/\/giamazon.org\/focal-mosaics\/"]}]},{"@type":"ImageObject","inLanguage":"pt-BR","@id":"https:\/\/giamazon.org\/focal-mosaics\/#primaryimage","url":"https:\/\/giamazon.org\/wp-content\/uploads\/2020\/09\/GIA_Community_01.jpg","contentUrl":"https:\/\/giamazon.org\/wp-content\/uploads\/2020\/09\/GIA_Community_01.jpg","width":740,"height":312,"caption":"GIA Community"},{"@type":"BreadcrumbList","@id":"https:\/\/giamazon.org\/focal-mosaics\/#breadcrumb","itemListElement":[{"@type":"ListItem","position":1,"name":"Home","item":"https:\/\/giamazon.org\/"},{"@type":"ListItem","position":2,"name":"Mosaicos Focais"}]},{"@type":"WebSite","@id":"https:\/\/giamazon.org\/#website","url":"https:\/\/giamazon.org\/","name":"GIAMAZON","description":"Amazon Community of Pratice","publisher":{"@id":"https:\/\/giamazon.org\/#organization"},"potentialAction":[{"@type":"SearchAction","target":{"@type":"EntryPoint","urlTemplate":"https:\/\/giamazon.org\/?s={search_term_string}"},"query-input":{"@type":"PropertyValueSpecification","valueRequired":true,"valueName":"search_term_string"}}],"inLanguage":"pt-BR"},{"@type":"Organization","@id":"https:\/\/giamazon.org\/#organization","name":"GIAMAZON","url":"https:\/\/giamazon.org\/","logo":{"@type":"ImageObject","inLanguage":"pt-BR","@id":"https:\/\/giamazon.org\/#\/schema\/logo\/image\/","url":"https:\/\/giamazon.org\/wp-content\/uploads\/2020\/05\/GIAMAZON_LOGO_B.png","contentUrl":"https:\/\/giamazon.org\/wp-content\/uploads\/2020\/05\/GIAMAZON_LOGO_B.png","width":346,"height":136,"caption":"GIAMAZON"},"image":{"@id":"https:\/\/giamazon.org\/#\/schema\/logo\/image\/"},"sameAs":["https:\/\/www.facebook.com\/uftcd","https:\/\/x.com\/TCD_UF","https:\/\/www.instagram.com\/tcduf\/","https:\/\/www.youtube.com\/playlist?list=PLm6vzhWlypS99EgUdvzIc0An7HpDASeha"]}]}},"_links":{"self":[{"href":"https:\/\/giamazon.org\/pt-br\/wp-json\/wp\/v2\/pages\/5676","targetHints":{"allow":["GET"]}}],"collection":[{"href":"https:\/\/giamazon.org\/pt-br\/wp-json\/wp\/v2\/pages"}],"about":[{"href":"https:\/\/giamazon.org\/pt-br\/wp-json\/wp\/v2\/types\/page"}],"author":[{"embeddable":true,"href":"https:\/\/giamazon.org\/pt-br\/wp-json\/wp\/v2\/users\/1"}],"replies":[{"embeddable":true,"href":"https:\/\/giamazon.org\/pt-br\/wp-json\/wp\/v2\/comments?post=5676"}],"version-history":[{"count":0,"href":"https:\/\/giamazon.org\/pt-br\/wp-json\/wp\/v2\/pages\/5676\/revisions"}],"wp:featuredmedia":[{"embeddable":true,"href":"https:\/\/giamazon.org\/pt-br\/wp-json\/wp\/v2\/media\/3895"}],"wp:attachment":[{"href":"https:\/\/giamazon.org\/pt-br\/wp-json\/wp\/v2\/media?parent=5676"}],"curies":[{"name":"wp","href":"https:\/\/api.w.org\/{rel}","templated":true}]}}