{"id":5732,"date":"2020-05-25T10:09:08","date_gmt":"2020-05-25T14:09:08","guid":{"rendered":"https:\/\/giamazon.org\/intercambio-de-conhecimento\/latin-american-parks-congress-side-event\/"},"modified":"2020-11-05T20:07:10","modified_gmt":"2020-11-06T01:07:10","slug":"evento-paralelo-do-congresso-de-parques-da-america-latina","status":"publish","type":"page","link":"https:\/\/giamazon.org\/pt-br\/intercambio-de-conhecimento\/evento-paralelo-do-congresso-de-parques-da-america-latina\/","title":{"rendered":"Evento paralelo do Congresso de Parques da Am\u00e9rica Latina"},"content":{"rendered":"<div class=\"wpb-content-wrapper\">[vc_row css=&#8221;.vc_custom_1592939773789{padding-top: 50px !important;padding-bottom: 60px !important;}&#8221;][vc_column width=&#8221;2\/3&#8243;][vc_column_text]O Projeto GIA participou do III Congresso Latino-Americano e Caribenho de \u00c1reas Protegidas, que aconteceu de 13 a 17 de outubro de 2019, em Lima &#8211; Peru, e organizou um evento paralelo intitulado: Di\u00e1logo de Experi\u00eancias: Infraestrutura e Governan\u00e7a em Mosaicos de \u00c1reas Naturais Protegidas e Territ\u00f3rios Ind\u00edgenas no Amazonas.<\/p>\n<p>O evento foi aberto com uma apresenta\u00e7\u00e3o sobre o conceito, objetivos e atividades iniciais da Comunidade de Pr\u00e1tica e Aprendizagem do GIA, que destacou a extens\u00e3o e a localiza\u00e7\u00e3o das quest\u00f5es de infraestrutura relacionadas \u00e0s \u00e1reas protegidas na Amaz\u00f4nia.<\/p>\n<p>O evento seguiu com um painel de discuss\u00e3o com membros selecionados da comunidade de pr\u00e1tica do GIA, que apresentaram experi\u00eancias relacionadas ao di\u00e1logo com v\u00e1rias partes interessadas, capacita\u00e7\u00e3o e mobiliza\u00e7\u00e3o de comunidades ind\u00edgenas, produ\u00e7\u00e3o e dissemina\u00e7\u00e3o de conhecimento cient\u00edfico para o p\u00fablico e tomadores de decis\u00e3o. A discuss\u00e3o teve foco na efic\u00e1cia das ferramentas, nas estrat\u00e9gias, nos fatores facilitadores e nas condi\u00e7\u00f5es limitantes para a boa governan\u00e7a das \u00e1reas protegidas no contexto de infraestrutura.[\/vc_column_text][\/vc_column][vc_column width=&#8221;1\/3&#8243;][vc_row_inner][vc_column_inner offset=&#8221;vc_hidden-lg vc_hidden-md&#8221;][vc_empty_space][\/vc_column_inner][\/vc_row_inner][vc_single_image image=&#8221;4516&#8243; img_size=&#8221;full&#8221; alignment=&#8221;center&#8221; style=&#8221;vc_box_outline&#8221; image_hovers=&#8221;false&#8221;][vc_btn title=&#8221;Clique aqui para explorar o relat\u00f3rio do evento&#8221; style=&#8221;custom&#8221; custom_background=&#8221;#647f35&#8243; custom_text=&#8221;#ffffff&#8221; align=&#8221;center&#8221; css=&#8221;.vc_custom_1604624787866{margin-top: 50px !important;}&#8221; link=&#8221;url:https%3A%2F%2Fgiamazon.org%2Fwp-content%2Fuploads%2F2020%2F09%2FUF-Side-Event-Report-for-Website-FINAL.pdf|target:_blank&#8221;][\/vc_column][\/vc_row]\n<\/div>","protected":false},"excerpt":{"rendered":"<p>[vc_row css=&#8221;.vc_custom_1592939773789{padding-top: 50px !important;padding-bottom: 60px !important;}&#8221;][vc_column width=&#8221;2\/3&#8243;][vc_column_text]O Projeto GIA participou do III Congresso Latino-Americano e Caribenho de \u00c1reas Protegidas, que aconteceu de 13 a 17 de outubro de 2019, em Lima &#8211; Peru, e organizou um evento paralelo intitulado: Di\u00e1logo de Experi\u00eancias: Infraestrutura e Governan\u00e7a em Mosaicos de \u00c1reas Naturais Protegidas e Territ\u00f3rios Ind\u00edgenas no&hellip;<\/p>\n","protected":false},"author":1,"featured_media":3860,"parent":5681,"menu_order":0,"comment_status":"closed","ping_status":"closed","template":"","meta":{"_acf_changed":false,"footnotes":""},"class_list":["post-5732","page","type-page","status-publish","has-post-thumbnail","hentry","description-off"],"acf":[],"yoast_head":"<!-- This site is optimized with the Yoast SEO plugin v27.2 - https:\/\/yoast.com\/product\/yoast-seo-wordpress\/ -->\n<title>Evento paralelo do Congresso de Parques da Am\u00e9rica Latina - GIAMAZON<\/title>\n<meta name=\"description\" content=\"O Projeto GIA participou do III Congresso Latino-Americano e Caribenho de \u00c1reas Protegidas, que aconteceu de 13 a 17 de outubro de 2019, em Lima - Peru, e organizou um evento paralelo intitulado: Di\u00e1logo de Experi\u00eancias: Infraestrutura e Governan\u00e7a em Mosaicos de \u00c1reas Naturais Protegidas e Territ\u00f3rios Ind\u00edgenas no Amazonas.\" \/>\n<meta name=\"robots\" content=\"index, follow, max-snippet:-1, max-image-preview:large, max-video-preview:-1\" \/>\n<link rel=\"canonical\" href=\"https:\/\/giamazon.org\/knowledge-exchange\/latin-american-parks-congress-side-event\/\" \/>\n<meta property=\"og:locale\" content=\"pt_BR\" \/>\n<meta property=\"og:type\" content=\"article\" \/>\n<meta property=\"og:title\" content=\"Evento paralelo do Congresso de Parques da Am\u00e9rica Latina\" \/>\n<meta property=\"og:description\" content=\"O Projeto GIA participou do III Congresso Latino-Americano e Caribenho de \u00c1reas Protegidas, que aconteceu de 13 a 17 de outubro de 2019, em Lima - Peru, e organizou um evento paralelo intitulado: Di\u00e1logo de Experi\u00eancias: Infraestrutura e Governan\u00e7a em Mosaicos de \u00c1reas Naturais Protegidas e Territ\u00f3rios Ind\u00edgenas no Amazonas.\" \/>\n<meta property=\"og:url\" content=\"https:\/\/giamazon.org\/knowledge-exchange\/latin-american-parks-congress-side-event\/\" \/>\n<meta property=\"og:site_name\" content=\"GIAMAZON\" \/>\n<meta property=\"article:publisher\" content=\"https:\/\/www.facebook.com\/uftcd\" \/>\n<meta property=\"article:modified_time\" content=\"2020-11-06T01:07:10+00:00\" \/>\n<meta property=\"og:image\" content=\"https:\/\/giamazon.org\/wp-content\/uploads\/2020\/09\/GIA_OBJECTIVES_02.jpg\" \/>\n\t<meta property=\"og:image:width\" content=\"800\" \/>\n\t<meta property=\"og:image:height\" content=\"453\" \/>\n\t<meta property=\"og:image:type\" content=\"image\/jpeg\" \/>\n<meta name=\"twitter:card\" content=\"summary_large_image\" \/>\n<meta name=\"twitter:title\" content=\"Evento paralelo do Congresso de Parques da Am\u00e9rica Latina\" \/>\n<meta name=\"twitter:description\" content=\"O Projeto GIA participou do III Congresso Latino-Americano e Caribenho de \u00c1reas Protegidas, que aconteceu de 13 a 17 de outubro de 2019, em Lima - Peru, e organizou um evento paralelo intitulado: Di\u00e1logo de Experi\u00eancias: Infraestrutura e Governan\u00e7a em Mosaicos de \u00c1reas Naturais Protegidas e Territ\u00f3rios Ind\u00edgenas no Amazonas.\" \/>\n<meta name=\"twitter:image\" content=\"https:\/\/giamazon.org\/wp-content\/uploads\/2020\/09\/GIA_OBJECTIVES_02.jpg\" \/>\n<meta name=\"twitter:site\" content=\"@TCD_UF\" \/>\n<meta name=\"twitter:label1\" content=\"Est. tempo de leitura\" \/>\n\t<meta name=\"twitter:data1\" content=\"1 minuto\" \/>\n<script type=\"application\/ld+json\" class=\"yoast-schema-graph\">{\"@context\":\"https:\/\/schema.org\",\"@graph\":[{\"@type\":\"WebPage\",\"@id\":\"https:\/\/giamazon.org\/knowledge-exchange\/latin-american-parks-congress-side-event\/\",\"url\":\"https:\/\/giamazon.org\/knowledge-exchange\/latin-american-parks-congress-side-event\/\",\"name\":\"Evento paralelo do Congresso de Parques da Am\u00e9rica Latina - GIAMAZON\",\"isPartOf\":{\"@id\":\"https:\/\/giamazon.org\/#website\"},\"primaryImageOfPage\":{\"@id\":\"https:\/\/giamazon.org\/knowledge-exchange\/latin-american-parks-congress-side-event\/#primaryimage\"},\"image\":{\"@id\":\"https:\/\/giamazon.org\/knowledge-exchange\/latin-american-parks-congress-side-event\/#primaryimage\"},\"thumbnailUrl\":\"https:\/\/giamazon.org\/wp-content\/uploads\/2020\/09\/GIA_OBJECTIVES_02.jpg\",\"datePublished\":\"2020-05-25T14:09:08+00:00\",\"dateModified\":\"2020-11-06T01:07:10+00:00\",\"description\":\"O Projeto GIA participou do III Congresso Latino-Americano e Caribenho de \u00c1reas Protegidas, que aconteceu de 13 a 17 de outubro de 2019, em Lima - Peru, e organizou um evento paralelo intitulado: Di\u00e1logo de Experi\u00eancias: Infraestrutura e Governan\u00e7a em Mosaicos de \u00c1reas Naturais Protegidas e Territ\u00f3rios Ind\u00edgenas no Amazonas.\",\"breadcrumb\":{\"@id\":\"https:\/\/giamazon.org\/knowledge-exchange\/latin-american-parks-congress-side-event\/#breadcrumb\"},\"inLanguage\":\"pt-BR\",\"potentialAction\":[{\"@type\":\"ReadAction\",\"target\":[\"https:\/\/giamazon.org\/knowledge-exchange\/latin-american-parks-congress-side-event\/\"]}]},{\"@type\":\"ImageObject\",\"inLanguage\":\"pt-BR\",\"@id\":\"https:\/\/giamazon.org\/knowledge-exchange\/latin-american-parks-congress-side-event\/#primaryimage\",\"url\":\"https:\/\/giamazon.org\/wp-content\/uploads\/2020\/09\/GIA_OBJECTIVES_02.jpg\",\"contentUrl\":\"https:\/\/giamazon.org\/wp-content\/uploads\/2020\/09\/GIA_OBJECTIVES_02.jpg\",\"width\":800,\"height\":453,\"caption\":\"GIA's objectives\"},{\"@type\":\"BreadcrumbList\",\"@id\":\"https:\/\/giamazon.org\/knowledge-exchange\/latin-american-parks-congress-side-event\/#breadcrumb\",\"itemListElement\":[{\"@type\":\"ListItem\",\"position\":1,\"name\":\"Home\",\"item\":\"https:\/\/giamazon.org\/\"},{\"@type\":\"ListItem\",\"position\":2,\"name\":\"Interc\u00e2mbio de conhecimento\",\"item\":\"https:\/\/giamazon.org\/knowledge-exchange\/\"},{\"@type\":\"ListItem\",\"position\":3,\"name\":\"Evento paralelo do Congresso de Parques da Am\u00e9rica Latina\"}]},{\"@type\":\"WebSite\",\"@id\":\"https:\/\/giamazon.org\/#website\",\"url\":\"https:\/\/giamazon.org\/\",\"name\":\"GIAMAZON\",\"description\":\"Amazon Community of Pratice\",\"publisher\":{\"@id\":\"https:\/\/giamazon.org\/#organization\"},\"potentialAction\":[{\"@type\":\"SearchAction\",\"target\":{\"@type\":\"EntryPoint\",\"urlTemplate\":\"https:\/\/giamazon.org\/?s={search_term_string}\"},\"query-input\":{\"@type\":\"PropertyValueSpecification\",\"valueRequired\":true,\"valueName\":\"search_term_string\"}}],\"inLanguage\":\"pt-BR\"},{\"@type\":\"Organization\",\"@id\":\"https:\/\/giamazon.org\/#organization\",\"name\":\"GIAMAZON\",\"url\":\"https:\/\/giamazon.org\/\",\"logo\":{\"@type\":\"ImageObject\",\"inLanguage\":\"pt-BR\",\"@id\":\"https:\/\/giamazon.org\/#\/schema\/logo\/image\/\",\"url\":\"https:\/\/giamazon.org\/wp-content\/uploads\/2020\/05\/GIAMAZON_LOGO_B.png\",\"contentUrl\":\"https:\/\/giamazon.org\/wp-content\/uploads\/2020\/05\/GIAMAZON_LOGO_B.png\",\"width\":346,\"height\":136,\"caption\":\"GIAMAZON\"},\"image\":{\"@id\":\"https:\/\/giamazon.org\/#\/schema\/logo\/image\/\"},\"sameAs\":[\"https:\/\/www.facebook.com\/uftcd\",\"https:\/\/x.com\/TCD_UF\",\"https:\/\/www.instagram.com\/tcduf\/\",\"https:\/\/www.youtube.com\/playlist?list=PLm6vzhWlypS99EgUdvzIc0An7HpDASeha\"]}]}<\/script>\n<!-- \/ Yoast SEO plugin. -->","yoast_head_json":{"title":"Evento paralelo do Congresso de Parques da Am\u00e9rica Latina - GIAMAZON","description":"O Projeto GIA participou do III Congresso Latino-Americano e Caribenho de \u00c1reas Protegidas, que aconteceu de 13 a 17 de outubro de 2019, em Lima - Peru, e organizou um evento paralelo intitulado: Di\u00e1logo de Experi\u00eancias: Infraestrutura e Governan\u00e7a em Mosaicos de \u00c1reas Naturais Protegidas e Territ\u00f3rios Ind\u00edgenas no Amazonas.","robots":{"index":"index","follow":"follow","max-snippet":"max-snippet:-1","max-image-preview":"max-image-preview:large","max-video-preview":"max-video-preview:-1"},"canonical":"https:\/\/giamazon.org\/knowledge-exchange\/latin-american-parks-congress-side-event\/","og_locale":"pt_BR","og_type":"article","og_title":"Evento paralelo do Congresso de Parques da Am\u00e9rica Latina","og_description":"O Projeto GIA participou do III Congresso Latino-Americano e Caribenho de \u00c1reas Protegidas, que aconteceu de 13 a 17 de outubro de 2019, em Lima - Peru, e organizou um evento paralelo intitulado: Di\u00e1logo de Experi\u00eancias: Infraestrutura e Governan\u00e7a em Mosaicos de \u00c1reas Naturais Protegidas e Territ\u00f3rios Ind\u00edgenas no Amazonas.","og_url":"https:\/\/giamazon.org\/knowledge-exchange\/latin-american-parks-congress-side-event\/","og_site_name":"GIAMAZON","article_publisher":"https:\/\/www.facebook.com\/uftcd","article_modified_time":"2020-11-06T01:07:10+00:00","og_image":[{"width":800,"height":453,"url":"https:\/\/giamazon.org\/wp-content\/uploads\/2020\/09\/GIA_OBJECTIVES_02.jpg","type":"image\/jpeg"}],"twitter_card":"summary_large_image","twitter_title":"Evento paralelo do Congresso de Parques da Am\u00e9rica Latina","twitter_description":"O Projeto GIA participou do III Congresso Latino-Americano e Caribenho de \u00c1reas Protegidas, que aconteceu de 13 a 17 de outubro de 2019, em Lima - Peru, e organizou um evento paralelo intitulado: Di\u00e1logo de Experi\u00eancias: Infraestrutura e Governan\u00e7a em Mosaicos de \u00c1reas Naturais Protegidas e Territ\u00f3rios Ind\u00edgenas no Amazonas.","twitter_image":"https:\/\/giamazon.org\/wp-content\/uploads\/2020\/09\/GIA_OBJECTIVES_02.jpg","twitter_site":"@TCD_UF","twitter_misc":{"Est. tempo de leitura":"1 minuto"},"schema":{"@context":"https:\/\/schema.org","@graph":[{"@type":"WebPage","@id":"https:\/\/giamazon.org\/knowledge-exchange\/latin-american-parks-congress-side-event\/","url":"https:\/\/giamazon.org\/knowledge-exchange\/latin-american-parks-congress-side-event\/","name":"Evento paralelo do Congresso de Parques da Am\u00e9rica Latina - GIAMAZON","isPartOf":{"@id":"https:\/\/giamazon.org\/#website"},"primaryImageOfPage":{"@id":"https:\/\/giamazon.org\/knowledge-exchange\/latin-american-parks-congress-side-event\/#primaryimage"},"image":{"@id":"https:\/\/giamazon.org\/knowledge-exchange\/latin-american-parks-congress-side-event\/#primaryimage"},"thumbnailUrl":"https:\/\/giamazon.org\/wp-content\/uploads\/2020\/09\/GIA_OBJECTIVES_02.jpg","datePublished":"2020-05-25T14:09:08+00:00","dateModified":"2020-11-06T01:07:10+00:00","description":"O Projeto GIA participou do III Congresso Latino-Americano e Caribenho de \u00c1reas Protegidas, que aconteceu de 13 a 17 de outubro de 2019, em Lima - Peru, e organizou um evento paralelo intitulado: Di\u00e1logo de Experi\u00eancias: Infraestrutura e Governan\u00e7a em Mosaicos de \u00c1reas Naturais Protegidas e Territ\u00f3rios Ind\u00edgenas no Amazonas.","breadcrumb":{"@id":"https:\/\/giamazon.org\/knowledge-exchange\/latin-american-parks-congress-side-event\/#breadcrumb"},"inLanguage":"pt-BR","potentialAction":[{"@type":"ReadAction","target":["https:\/\/giamazon.org\/knowledge-exchange\/latin-american-parks-congress-side-event\/"]}]},{"@type":"ImageObject","inLanguage":"pt-BR","@id":"https:\/\/giamazon.org\/knowledge-exchange\/latin-american-parks-congress-side-event\/#primaryimage","url":"https:\/\/giamazon.org\/wp-content\/uploads\/2020\/09\/GIA_OBJECTIVES_02.jpg","contentUrl":"https:\/\/giamazon.org\/wp-content\/uploads\/2020\/09\/GIA_OBJECTIVES_02.jpg","width":800,"height":453,"caption":"GIA's objectives"},{"@type":"BreadcrumbList","@id":"https:\/\/giamazon.org\/knowledge-exchange\/latin-american-parks-congress-side-event\/#breadcrumb","itemListElement":[{"@type":"ListItem","position":1,"name":"Home","item":"https:\/\/giamazon.org\/"},{"@type":"ListItem","position":2,"name":"Interc\u00e2mbio de conhecimento","item":"https:\/\/giamazon.org\/knowledge-exchange\/"},{"@type":"ListItem","position":3,"name":"Evento paralelo do Congresso de Parques da Am\u00e9rica Latina"}]},{"@type":"WebSite","@id":"https:\/\/giamazon.org\/#website","url":"https:\/\/giamazon.org\/","name":"GIAMAZON","description":"Amazon Community of Pratice","publisher":{"@id":"https:\/\/giamazon.org\/#organization"},"potentialAction":[{"@type":"SearchAction","target":{"@type":"EntryPoint","urlTemplate":"https:\/\/giamazon.org\/?s={search_term_string}"},"query-input":{"@type":"PropertyValueSpecification","valueRequired":true,"valueName":"search_term_string"}}],"inLanguage":"pt-BR"},{"@type":"Organization","@id":"https:\/\/giamazon.org\/#organization","name":"GIAMAZON","url":"https:\/\/giamazon.org\/","logo":{"@type":"ImageObject","inLanguage":"pt-BR","@id":"https:\/\/giamazon.org\/#\/schema\/logo\/image\/","url":"https:\/\/giamazon.org\/wp-content\/uploads\/2020\/05\/GIAMAZON_LOGO_B.png","contentUrl":"https:\/\/giamazon.org\/wp-content\/uploads\/2020\/05\/GIAMAZON_LOGO_B.png","width":346,"height":136,"caption":"GIAMAZON"},"image":{"@id":"https:\/\/giamazon.org\/#\/schema\/logo\/image\/"},"sameAs":["https:\/\/www.facebook.com\/uftcd","https:\/\/x.com\/TCD_UF","https:\/\/www.instagram.com\/tcduf\/","https:\/\/www.youtube.com\/playlist?list=PLm6vzhWlypS99EgUdvzIc0An7HpDASeha"]}]}},"_links":{"self":[{"href":"https:\/\/giamazon.org\/pt-br\/wp-json\/wp\/v2\/pages\/5732","targetHints":{"allow":["GET"]}}],"collection":[{"href":"https:\/\/giamazon.org\/pt-br\/wp-json\/wp\/v2\/pages"}],"about":[{"href":"https:\/\/giamazon.org\/pt-br\/wp-json\/wp\/v2\/types\/page"}],"author":[{"embeddable":true,"href":"https:\/\/giamazon.org\/pt-br\/wp-json\/wp\/v2\/users\/1"}],"replies":[{"embeddable":true,"href":"https:\/\/giamazon.org\/pt-br\/wp-json\/wp\/v2\/comments?post=5732"}],"version-history":[{"count":0,"href":"https:\/\/giamazon.org\/pt-br\/wp-json\/wp\/v2\/pages\/5732\/revisions"}],"up":[{"embeddable":true,"href":"https:\/\/giamazon.org\/pt-br\/wp-json\/wp\/v2\/pages\/5681"}],"wp:featuredmedia":[{"embeddable":true,"href":"https:\/\/giamazon.org\/pt-br\/wp-json\/wp\/v2\/media\/3860"}],"wp:attachment":[{"href":"https:\/\/giamazon.org\/pt-br\/wp-json\/wp\/v2\/media?parent=5732"}],"curies":[{"name":"wp","href":"https:\/\/api.w.org\/{rel}","templated":true}]}}